{"id":6537,"date":"2026-05-13T15:54:04","date_gmt":"2026-05-13T13:54:04","guid":{"rendered":"https:\/\/burgersequipment.nl\/hoogwerker-onderdelen\/"},"modified":"2026-05-13T16:03:09","modified_gmt":"2026-05-13T14:03:09","slug":"hoogwerker-onderdelen","status":"publish","type":"page","link":"https:\/\/burgersequipment.nl\/de\/hoogwerker-onderdelen\/","title":{"rendered":"Ersatzteile f\u00fcr Hebeb\u00fchnen"},"content":{"rendered":"\t\t<div data-elementor-type=\"wp-page\" data-elementor-id=\"6537\" class=\"elementor elementor-6537 elementor-6517\" data-elementor-post-type=\"page\">\n\t\t\t\t<div class=\"elementor-element elementor-element-0f77bdf e-flex e-con-boxed e-con e-parent\" data-id=\"0f77bdf\" data-element_type=\"container\" data-e-type=\"container\" data-settings=\"{&quot;background_background&quot;:&quot;classic&quot;}\">\n\t\t\t\t\t<div class=\"e-con-inner\">\n\t\t<div class=\"elementor-element elementor-element-c8cc5db e-con-full e-transform e-flex e-con e-child\" data-id=\"c8cc5db\" data-element_type=\"container\" data-e-type=\"container\" data-settings=\"{&quot;background_background&quot;:&quot;classic&quot;,&quot;_transform_skewX_effect&quot;:{&quot;unit&quot;:&quot;px&quot;,&quot;size&quot;:-18.75,&quot;sizes&quot;:[]},&quot;_transform_skewX_effect_tablet&quot;:{&quot;unit&quot;:&quot;deg&quot;,&quot;size&quot;:&quot;&quot;,&quot;sizes&quot;:[]},&quot;_transform_skewX_effect_mobile&quot;:{&quot;unit&quot;:&quot;deg&quot;,&quot;size&quot;:&quot;&quot;,&quot;sizes&quot;:[]},&quot;_transform_skewY_effect&quot;:{&quot;unit&quot;:&quot;px&quot;,&quot;size&quot;:&quot;&quot;,&quot;sizes&quot;:[]},&quot;_transform_skewY_effect_tablet&quot;:{&quot;unit&quot;:&quot;deg&quot;,&quot;size&quot;:&quot;&quot;,&quot;sizes&quot;:[]},&quot;_transform_skewY_effect_mobile&quot;:{&quot;unit&quot;:&quot;deg&quot;,&quot;size&quot;:&quot;&quot;,&quot;sizes&quot;:[]}}\">\n\t\t\t\t<div class=\"elementor-element elementor-element-41559c0 e-transform elementor-widget elementor-widget-heading\" data-id=\"41559c0\" data-element_type=\"widget\" data-e-type=\"widget\" data-settings=\"{&quot;_transform_skewX_effect&quot;:{&quot;unit&quot;:&quot;px&quot;,&quot;size&quot;:18.75,&quot;sizes&quot;:[]},&quot;_transform_skewX_effect_tablet&quot;:{&quot;unit&quot;:&quot;deg&quot;,&quot;size&quot;:&quot;&quot;,&quot;sizes&quot;:[]},&quot;_transform_skewX_effect_mobile&quot;:{&quot;unit&quot;:&quot;deg&quot;,&quot;size&quot;:&quot;&quot;,&quot;sizes&quot;:[]},&quot;_transform_skewY_effect&quot;:{&quot;unit&quot;:&quot;px&quot;,&quot;size&quot;:&quot;&quot;,&quot;sizes&quot;:[]},&quot;_transform_skewY_effect_tablet&quot;:{&quot;unit&quot;:&quot;deg&quot;,&quot;size&quot;:&quot;&quot;,&quot;sizes&quot;:[]},&quot;_transform_skewY_effect_mobile&quot;:{&quot;unit&quot;:&quot;deg&quot;,&quot;size&quot;:&quot;&quot;,&quot;sizes&quot;:[]}}\" data-widget_type=\"heading.default\">\n\t\t\t\t\t<p class=\"elementor-heading-title elementor-size-default\">Teile<\/p>\t\t\t\t<\/div>\n\t\t\t\t<div class=\"elementor-element elementor-element-c8b3e6a e-transform elementor-widget__width-initial elementor-widget elementor-widget-heading\" data-id=\"c8b3e6a\" data-element_type=\"widget\" data-e-type=\"widget\" data-settings=\"{&quot;_transform_skewX_effect&quot;:{&quot;unit&quot;:&quot;px&quot;,&quot;size&quot;:18.75,&quot;sizes&quot;:[]},&quot;_transform_skewX_effect_tablet&quot;:{&quot;unit&quot;:&quot;deg&quot;,&quot;size&quot;:&quot;&quot;,&quot;sizes&quot;:[]},&quot;_transform_skewX_effect_mobile&quot;:{&quot;unit&quot;:&quot;deg&quot;,&quot;size&quot;:&quot;&quot;,&quot;sizes&quot;:[]},&quot;_transform_skewY_effect&quot;:{&quot;unit&quot;:&quot;px&quot;,&quot;size&quot;:&quot;&quot;,&quot;sizes&quot;:[]},&quot;_transform_skewY_effect_tablet&quot;:{&quot;unit&quot;:&quot;deg&quot;,&quot;size&quot;:&quot;&quot;,&quot;sizes&quot;:[]},&quot;_transform_skewY_effect_mobile&quot;:{&quot;unit&quot;:&quot;deg&quot;,&quot;size&quot;:&quot;&quot;,&quot;sizes&quot;:[]}}\" data-widget_type=\"heading.default\">\n\t\t\t\t\t<h1 class=\"elementor-heading-title elementor-size-default\">Ersatzteile f\u00fcr Hebeb\u00fchnen<\/h1>\t\t\t\t<\/div>\n\t\t\t\t<\/div>\n\t\t\t\t<div class=\"elementor-element elementor-element-98d1012 elementor-widget__width-initial elementor-widget elementor-widget-text-editor\" data-id=\"98d1012\" data-element_type=\"widget\" data-e-type=\"widget\" data-widget_type=\"text-editor.default\">\n\t\t\t\t\t\t\t\t\t<p data-start=\"2472\" data-end=\"2711\">Sie suchen <strong data-start=\"2480\" data-end=\"2505\">Hubarbeitsb\u00fchnenteile<\/strong> f\u00fcr die Wartung, Reparatur oder \u00dcberholung Ihrer Maschinen? Burgers Equipment hilft Ihnen bei der Suche nach Ersatzteilen f\u00fcr u.a. <strong data-start=\"2618\" data-end=\"2710\">JLG, Genie, Haulotte, Skyjack, Holland Lift, Niftylift, Snorkel, Manitou, Dingli und LGMG<\/strong>. <\/p>\t\t\t\t\t\t\t\t<\/div>\n\t\t\t\t\t<\/div>\n\t\t\t\t<\/div>\n\t\t<div class=\"elementor-element elementor-element-abeb807 e-flex e-con-boxed e-con e-parent\" data-id=\"abeb807\" data-element_type=\"container\" data-e-type=\"container\">\n\t\t\t\t\t<div class=\"e-con-inner\">\n\t\t<div class=\"elementor-element elementor-element-83c0d7c e-con-full e-flex e-con e-child\" data-id=\"83c0d7c\" data-element_type=\"container\" data-e-type=\"container\">\n\t\t\t\t<div class=\"elementor-element elementor-element-0beece1 elementor-widget elementor-widget-image\" data-id=\"0beece1\" data-element_type=\"widget\" data-e-type=\"widget\" data-widget_type=\"image.default\">\n\t\t\t\t\t\t\t\t\t\t\t\t\t\t\t<img fetchpriority=\"high\" decoding=\"async\" width=\"612\" height=\"408\" src=\"https:\/\/burgersequipment.nl\/wp-content\/uploads\/2026\/05\/Magazijn-Burgers-Equipment.jpg\" class=\"attachment-large size-large wp-image-6538\" alt=\"\" srcset=\"https:\/\/burgersequipment.nl\/wp-content\/uploads\/2026\/05\/Magazijn-Burgers-Equipment.jpg 612w, https:\/\/burgersequipment.nl\/wp-content\/uploads\/2026\/05\/Magazijn-Burgers-Equipment-300x200.jpg 300w\" sizes=\"(max-width: 612px) 100vw, 612px\" \/>\t\t\t\t\t\t\t\t\t\t\t\t\t\t\t<\/div>\n\t\t\t\t<div class=\"elementor-element elementor-element-295aefc elementor-widget elementor-widget-image\" data-id=\"295aefc\" data-element_type=\"widget\" data-e-type=\"widget\" data-widget_type=\"image.default\">\n\t\t\t\t\t\t\t\t\t\t\t\t\t\t\t<img decoding=\"async\" width=\"800\" height=\"534\" src=\"https:\/\/burgersequipment.nl\/wp-content\/uploads\/2026\/05\/deze.1-1024x683.png\" class=\"attachment-large size-large wp-image-6539\" alt=\"\" srcset=\"https:\/\/burgersequipment.nl\/wp-content\/uploads\/2026\/05\/deze.1-1024x683.png 1024w, https:\/\/burgersequipment.nl\/wp-content\/uploads\/2026\/05\/deze.1-300x200.png 300w, https:\/\/burgersequipment.nl\/wp-content\/uploads\/2026\/05\/deze.1-768x512.png 768w, https:\/\/burgersequipment.nl\/wp-content\/uploads\/2026\/05\/deze.1-1536x1024.png 1536w, https:\/\/burgersequipment.nl\/wp-content\/uploads\/2026\/05\/deze.1-2048x1365.png 2048w\" sizes=\"(max-width: 800px) 100vw, 800px\" \/>\t\t\t\t\t\t\t\t\t\t\t\t\t\t\t<\/div>\n\t\t\t\t<\/div>\n\t\t<div class=\"elementor-element elementor-element-4190f33 e-con-full e-flex e-con e-child\" data-id=\"4190f33\" data-element_type=\"container\" data-e-type=\"container\">\n\t\t\t\t<div class=\"elementor-element elementor-element-59161d0 elementor-widget elementor-widget-heading\" data-id=\"59161d0\" data-element_type=\"widget\" data-e-type=\"widget\" data-widget_type=\"heading.default\">\n\t\t\t\t\t<p class=\"elementor-heading-title elementor-size-default\">Ersatzteile f\u00fcr B\u00fcrgerger\u00e4te<\/p>\t\t\t\t<\/div>\n\t\t\t\t<div class=\"elementor-element elementor-element-ed5b111 elementor-widget elementor-widget-heading\" data-id=\"ed5b111\" data-element_type=\"widget\" data-e-type=\"widget\" data-widget_type=\"heading.default\">\n\t\t\t\t\t<h2 class=\"elementor-heading-title elementor-size-default\">Ben\u00f6tigen Sie Ersatzteile f\u00fcr Hubarbeitsb\u00fchnen?<\/h2>\t\t\t\t<\/div>\n\t\t\t\t<div class=\"elementor-element elementor-element-a701a1e elementor-widget-tablet__width-inherit elementor-widget elementor-widget-text-editor\" data-id=\"a701a1e\" data-element_type=\"widget\" data-e-type=\"widget\" data-widget_type=\"text-editor.default\">\n\t\t\t\t\t\t\t\t\t<p>Ein station\u00e4rer AWP kostet sofort Zeit und Geld. Deshalb ist es wichtig, schnell das richtige Teil zu finden. Ob es sich um einen Joystick, ein Batterieladeger\u00e4t, einen Filter, ein Rad, einen Schalter, ein Hydraulikteil, einen Sensor, einen Schaltkasten oder ein Sicherheitsteil handelt: Wir denken aus praktischer Erfahrung mit Gebrauchtmaschinen, Mietmaschinen und internationalem Handel mit.  <\/p><p>Burgers Equipment hat seinen Sitz in Tilburg und konzentriert sich auf den Verkauf von gebrauchten Baumaschinen und Hubarbeitsb\u00fchnen f\u00fcr den internationalen Markt. Daher haben wir t\u00e4glich mit verschiedenen Marken, Modellen und technischen Versionen zu tun. <\/p><p>Wir liefern Teile f\u00fcr:<\/p><ul><li>Scherenhebeb\u00fchnen<\/li><li>Teleskopische Hebeb\u00fchnen<\/li><li>Knickarm-Hebeb\u00fchnen<\/li><li>Mastaufz\u00fcge<\/li><li>Spider Arbeitsb\u00fchnen<\/li><li>Caterpillar Arbeitsb\u00fchnen<\/li><li>Teleskoplader und andere Baumaschinen<\/li><\/ul><p> <\/p>\t\t\t\t\t\t\t\t<\/div>\n\t\t\t\t<\/div>\n\t\t\t\t\t<\/div>\n\t\t\t\t<\/div>\n\t\t<div class=\"elementor-element elementor-element-2162d15 e-flex e-con-boxed e-con e-parent\" data-id=\"2162d15\" data-element_type=\"container\" data-e-type=\"container\">\n\t\t\t\t\t<div class=\"e-con-inner\">\n\t\t<div class=\"elementor-element elementor-element-8e8f5c9 e-con-full e-flex e-con e-child\" data-id=\"8e8f5c9\" data-element_type=\"container\" data-e-type=\"container\">\n\t\t\t\t<div class=\"elementor-element elementor-element-296697e elementor-widget elementor-widget-heading\" data-id=\"296697e\" data-element_type=\"widget\" data-e-type=\"widget\" data-widget_type=\"heading.default\">\n\t\t\t\t\t<h2 class=\"elementor-heading-title elementor-size-default\">JLG-Ersatzteile<\/h2>\t\t\t\t<\/div>\n\t\t\t\t<div class=\"elementor-element elementor-element-63444c7 elementor-widget-tablet__width-inherit elementor-widget elementor-widget-text-editor\" data-id=\"63444c7\" data-element_type=\"widget\" data-e-type=\"widget\" data-widget_type=\"text-editor.default\">\n\t\t\t\t\t\t\t\t\t<p>Sie suchen JLG-Ersatzteile f\u00fcr eine Scherenb\u00fchne, Teleskopb\u00fchne oder Gelenkb\u00fchne? Wir helfen Ihnen mit Ersatzteilen f\u00fcr g\u00e4ngige JLG-Maschinen, einschlie\u00dflich elektrischer Scherenarbeitsb\u00fchnen, Diesel-Scherenarbeitsb\u00fchnen und Auslegerarbeitsb\u00fchnen. <\/p><p>H\u00e4ufig nachgefragte JLG-Teile sind unter anderem:<\/p><ul><li>Joysticks und Steuerung<\/li><li>Batterieladeger\u00e4te und elektrische Komponenten<\/li><li>R\u00e4der, Reifen und Achsen<\/li><li>Filter und Wartungsteile<\/li><li>Hydraulische Schl\u00e4uche, Zylinder und Pumpen<\/li><li>Sensoren, Schalter und Relais<\/li><li>Steuerk\u00e4sten und Leiterplatten<\/li><li>Sicherheitsaufkleber und Abdeckungen<\/li><\/ul><p> <\/p><p>Schicken Sie uns vorzugsweise das JLG-Modell, die Seriennummer und die Teilenummer. Dann k\u00f6nnen wir gezielter suchen und Sie vermeiden die falschen Teile. <\/p>\t\t\t\t\t\t\t\t<\/div>\n\t\t\t\t<\/div>\n\t\t<div class=\"elementor-element elementor-element-c19b868 e-con-full about-image e-flex e-con e-child\" data-id=\"c19b868\" data-element_type=\"container\" data-e-type=\"container\" data-settings=\"{&quot;background_background&quot;:&quot;classic&quot;}\">\n\t\t\t\t<\/div>\n\t\t\t\t\t<\/div>\n\t\t\t\t<\/div>\n\t\t<div class=\"elementor-element elementor-element-c1da733 e-flex e-con-boxed e-con e-parent\" data-id=\"c1da733\" data-element_type=\"container\" data-e-type=\"container\">\n\t\t\t\t\t<div class=\"e-con-inner\">\n\t\t<div class=\"elementor-element elementor-element-8591252 e-con-full about-image e-flex e-con e-child\" data-id=\"8591252\" data-element_type=\"container\" data-e-type=\"container\" data-settings=\"{&quot;background_background&quot;:&quot;classic&quot;}\">\n\t\t\t\t<\/div>\n\t\t<div class=\"elementor-element elementor-element-0d22da6 e-con-full e-flex e-con e-child\" data-id=\"0d22da6\" data-element_type=\"container\" data-e-type=\"container\">\n\t\t\t\t<div class=\"elementor-element elementor-element-34ba600 elementor-widget elementor-widget-heading\" data-id=\"34ba600\" data-element_type=\"widget\" data-e-type=\"widget\" data-widget_type=\"heading.default\">\n\t\t\t\t\t<h2 class=\"elementor-heading-title elementor-size-default\">Geniale Teile<\/h2>\t\t\t\t<\/div>\n\t\t\t\t<div class=\"elementor-element elementor-element-46a5481 elementor-widget-tablet__width-inherit elementor-widget elementor-widget-text-editor\" data-id=\"46a5481\" data-element_type=\"widget\" data-e-type=\"widget\" data-widget_type=\"text-editor.default\">\n\t\t\t\t\t\t\t\t\t<p>F\u00fcr Genie-Ersatzteile k\u00f6nnen Sie sich an Burgers Equipment wenden, wenn Sie Ersatzteile f\u00fcr Genie GS Scherenarbeitsb\u00fchnen, Genie Z Gelenkarbeitsb\u00fchnen und Genie S Teleskoparbeitsb\u00fchnen ben\u00f6tigen, unter anderem.<\/p><p>Wir helfen unter anderem bei:<\/p><ul><li>Genie Joystick Teile<\/li><li>Genie Batterieladeger\u00e4te<\/li><li>Genie R\u00e4der und Reifen<\/li><li>Genie Kontaktschl\u00f6sser und Schl\u00fcssel<\/li><li>Genie Filter und Wartungsteile<\/li><li>Genie Hydraulikkomponenten<\/li><li>Genie elektronische Komponenten<\/li><li>Genie-Aufkleber und Sicherheitsmarkierungen<\/li><\/ul><div> <\/div><p>Haben Sie einen Genie GS-1932, GS-2632, GS-3246, GS-3369, GS-4069 oder ein anderes Modell? Schicken Sie uns das Typenschild oder die Seriennummer und wir werden mit Ihnen zusammen pr\u00fcfen, welches Teil passt. <\/p>\t\t\t\t\t\t\t\t<\/div>\n\t\t\t\t<\/div>\n\t\t\t\t\t<\/div>\n\t\t\t\t<\/div>\n\t\t<div class=\"elementor-element elementor-element-c9351c1 e-flex e-con-boxed e-con e-parent\" data-id=\"c9351c1\" data-element_type=\"container\" data-e-type=\"container\">\n\t\t\t\t\t<div class=\"e-con-inner\">\n\t\t<div class=\"elementor-element elementor-element-96b341d e-con-full e-flex e-con e-child\" data-id=\"96b341d\" data-element_type=\"container\" data-e-type=\"container\">\n\t\t\t\t<div class=\"elementor-element elementor-element-5eeca96 elementor-widget elementor-widget-heading\" data-id=\"5eeca96\" data-element_type=\"widget\" data-e-type=\"widget\" data-widget_type=\"heading.default\">\n\t\t\t\t\t<h2 class=\"elementor-heading-title elementor-size-default\">Haulotte Ersatzteile<\/h2>\t\t\t\t<\/div>\n\t\t\t\t<div class=\"elementor-element elementor-element-786f939 elementor-widget-tablet__width-inherit elementor-widget elementor-widget-text-editor\" data-id=\"786f939\" data-element_type=\"widget\" data-e-type=\"widget\" data-widget_type=\"text-editor.default\">\n\t\t\t\t\t\t\t\t\t<p>Wir helfen Ihnen auch bei der Suche nach Haulotte-Ersatzteilen f\u00fcr elektrische und dieselgetriebene Arbeitsb\u00fchnen. Denken Sie an Ersatzteile f\u00fcr Scheren-, Gelenk- und Teleskop-Arbeitsb\u00fchnen von Haulotte. <\/p><p>H\u00e4ufig nachgefragte Haulotte-Teile sind:<\/p><ul><li>Akku-Ladeger\u00e4te<\/li><li>Bedienfelder<\/li><li>Joysticks<\/li><li>Hydraulische Komponenten<\/li><li>R\u00e4der und Reifen<\/li><li>Schalter und Sensoren<\/li><li>Filter<\/li><li>Sicherheitsaufkleber<\/li><\/ul><p> <\/p><p>Bei Haulotte-Teilen ist die Seriennummer oft wichtig, da sich die Versionen von einem Baujahr oder einer Serie zur anderen unterscheiden k\u00f6nnen.<\/p>\t\t\t\t\t\t\t\t<\/div>\n\t\t\t\t<\/div>\n\t\t<div class=\"elementor-element elementor-element-f0924ab e-con-full about-image e-flex e-con e-child\" data-id=\"f0924ab\" data-element_type=\"container\" data-e-type=\"container\" data-settings=\"{&quot;background_background&quot;:&quot;classic&quot;}\">\n\t\t\t\t<\/div>\n\t\t\t\t\t<\/div>\n\t\t\t\t<\/div>\n\t\t<div class=\"elementor-element elementor-element-f741aab e-flex e-con-boxed e-con e-parent\" data-id=\"f741aab\" data-element_type=\"container\" data-e-type=\"container\">\n\t\t\t\t\t<div class=\"e-con-inner\">\n\t\t<div class=\"elementor-element elementor-element-a5507e6 e-con-full about-image e-flex e-con e-child\" data-id=\"a5507e6\" data-element_type=\"container\" data-e-type=\"container\" data-settings=\"{&quot;background_background&quot;:&quot;classic&quot;}\">\n\t\t\t\t<\/div>\n\t\t<div class=\"elementor-element elementor-element-752f2c8 e-con-full e-flex e-con e-child\" data-id=\"752f2c8\" data-element_type=\"container\" data-e-type=\"container\">\n\t\t\t\t<div class=\"elementor-element elementor-element-7079e8d elementor-widget elementor-widget-heading\" data-id=\"7079e8d\" data-element_type=\"widget\" data-e-type=\"widget\" data-widget_type=\"heading.default\">\n\t\t\t\t\t<h2 class=\"elementor-heading-title elementor-size-default\">Skyjack Teile<\/h2>\t\t\t\t<\/div>\n\t\t\t\t<div class=\"elementor-element elementor-element-71fc48e elementor-widget-tablet__width-inherit elementor-widget elementor-widget-text-editor\" data-id=\"71fc48e\" data-element_type=\"widget\" data-e-type=\"widget\" data-widget_type=\"text-editor.default\">\n\t\t\t\t\t\t\t\t\t<p>Sie suchen Skyjack Ersatzteile f\u00fcr eine Scheren- oder Gelenkb\u00fchne? Wir helfen Ihnen mit Ersatzteilen f\u00fcr elektrische Skyjack Scherenarbeitsb\u00fchnen und Diesel-Gel\u00e4ndemaschinen, unter anderem. <\/p><p>F\u00fcr Skyjack erhalten wir h\u00e4ufig Anfragen:<\/p><ul><li>Kontakt Schl\u00f6sser<\/li><li>Endschalter<\/li><li>Relais und Sicherungen<\/li><li>Joysticks<\/li><li>R\u00e4der und Reifen<\/li><li>Hydraulische Komponenten<\/li><li>Kontrollboxen<\/li><li>Wartungsteile<\/li><\/ul><p> <\/p><p>Senden Sie uns das Skyjack-Modell und die Seriennummer, damit wir gezielt nach dem richtigen Teil suchen k\u00f6nnen.<\/p>\t\t\t\t\t\t\t\t<\/div>\n\t\t\t\t<\/div>\n\t\t\t\t\t<\/div>\n\t\t\t\t<\/div>\n\t\t<div class=\"elementor-element elementor-element-a69db2b e-flex e-con-boxed e-con e-parent\" data-id=\"a69db2b\" data-element_type=\"container\" data-e-type=\"container\">\n\t\t\t\t\t<div class=\"e-con-inner\">\n\t\t<div class=\"elementor-element elementor-element-da01e82 e-con-full e-flex e-con e-child\" data-id=\"da01e82\" data-element_type=\"container\" data-e-type=\"container\" data-settings=\"{&quot;background_background&quot;:&quot;gradient&quot;}\">\n\t\t<div class=\"elementor-element elementor-element-d78a601 e-con-full e-flex e-con e-child\" data-id=\"d78a601\" data-element_type=\"container\" data-e-type=\"container\">\n\t\t\t\t<div class=\"elementor-element elementor-element-3ea4cf7 elementor-widget__width-initial elementor-widget elementor-widget-heading\" data-id=\"3ea4cf7\" data-element_type=\"widget\" data-e-type=\"widget\" data-widget_type=\"heading.default\">\n\t\t\t\t\t<h2 class=\"elementor-heading-title elementor-size-default\"><p data-start=\"9650\" data-end=\"9723\">Fordern Sie Ihr AWP-Teil direkt per WhatsApp oder E-Mail an.<span style=\"letter-spacing: -0.005em;background-color: transparent\"><\/span><\/p><\/h2>\t\t\t\t<\/div>\n\t\t\t\t<\/div>\n\t\t<div class=\"elementor-element elementor-element-7e83e9a e-con-full e-flex e-con e-child\" data-id=\"7e83e9a\" data-element_type=\"container\" data-e-type=\"container\">\n\t\t\t\t<div class=\"elementor-element elementor-element-9049d61 e-transform elementor-widget elementor-widget-button\" data-id=\"9049d61\" data-element_type=\"widget\" data-e-type=\"widget\" data-settings=\"{&quot;_transform_translateY_effect_hover&quot;:{&quot;unit&quot;:&quot;px&quot;,&quot;size&quot;:-2,&quot;sizes&quot;:[]},&quot;_transform_translateX_effect_hover&quot;:{&quot;unit&quot;:&quot;px&quot;,&quot;size&quot;:&quot;&quot;,&quot;sizes&quot;:[]},&quot;_transform_translateX_effect_hover_tablet&quot;:{&quot;unit&quot;:&quot;px&quot;,&quot;size&quot;:&quot;&quot;,&quot;sizes&quot;:[]},&quot;_transform_translateX_effect_hover_mobile&quot;:{&quot;unit&quot;:&quot;px&quot;,&quot;size&quot;:&quot;&quot;,&quot;sizes&quot;:[]},&quot;_transform_translateY_effect_hover_tablet&quot;:{&quot;unit&quot;:&quot;px&quot;,&quot;size&quot;:&quot;&quot;,&quot;sizes&quot;:[]},&quot;_transform_translateY_effect_hover_mobile&quot;:{&quot;unit&quot;:&quot;px&quot;,&quot;size&quot;:&quot;&quot;,&quot;sizes&quot;:[]}}\" data-widget_type=\"button.default\">\n\t\t\t\t\t\t\t\t\t\t<a class=\"elementor-button elementor-button-link elementor-size-sm\" href=\"https:\/\/burgersequipment.nl\/de\/kontakt\/\">\n\t\t\t\t\t\t<span class=\"elementor-button-content-wrapper\">\n\t\t\t\t\t\t<span class=\"elementor-button-icon\">\n\t\t\t\t<svg aria-hidden=\"true\" class=\"e-font-icon-svg e-fas-arrow-right\" viewBox=\"0 0 448 512\" xmlns=\"http:\/\/www.w3.org\/2000\/svg\"><path d=\"M190.5 66.9l22.2-22.2c9.4-9.4 24.6-9.4 33.9 0L441 239c9.4 9.4 9.4 24.6 0 33.9L246.6 467.3c-9.4 9.4-24.6 9.4-33.9 0l-22.2-22.2c-9.5-9.5-9.3-25 .4-34.3L311.4 296H24c-13.3 0-24-10.7-24-24v-32c0-13.3 10.7-24 24-24h287.4L190.9 101.2c-9.8-9.3-10-24.8-.4-34.3z\"><\/path><\/svg>\t\t\t<\/span>\n\t\t\t\t\t\t\t\t\t<span class=\"elementor-button-text\">Kontakt aufnehmen<\/span>\n\t\t\t\t\t<\/span>\n\t\t\t\t\t<\/a>\n\t\t\t\t\t\t\t\t<\/div>\n\t\t\t\t<\/div>\n\t\t\t\t<\/div>\n\t\t\t\t\t<\/div>\n\t\t\t\t<\/div>\n\t\t\t\t<\/div>\n\t\t","protected":false},"excerpt":{"rendered":"<p>Teile Ersatzteile f\u00fcr Hebeb\u00fchnen Sie suchen Hubarbeitsb\u00fchnenteile f\u00fcr die Wartung, Reparatur oder \u00dcberholung Ihrer Maschinen? Burgers Equipment hilft Ihnen bei der Suche nach Ersatzteilen f\u00fcr u.a. JLG, Genie, Haulotte, Skyjack, Holland Lift, Niftylift, Snorkel, Manitou, Dingli und LGMG. Ersatzteile f\u00fcr B\u00fcrgerger\u00e4te Ben\u00f6tigen Sie Ersatzteile f\u00fcr Hubarbeitsb\u00fchnen? Ein station\u00e4rer AWP kostet sofort Zeit und Geld. Deshalb [&hellip;]<\/p>\n","protected":false},"author":1,"featured_media":0,"parent":0,"menu_order":0,"comment_status":"closed","ping_status":"closed","template":"elementor_header_footer","meta":{"footnotes":""},"class_list":["post-6537","page","type-page","status-publish","hentry"],"_links":{"self":[{"href":"https:\/\/burgersequipment.nl\/de\/wp-json\/wp\/v2\/pages\/6537","targetHints":{"allow":["GET"]}}],"collection":[{"href":"https:\/\/burgersequipment.nl\/de\/wp-json\/wp\/v2\/pages"}],"about":[{"href":"https:\/\/burgersequipment.nl\/de\/wp-json\/wp\/v2\/types\/page"}],"author":[{"embeddable":true,"href":"https:\/\/burgersequipment.nl\/de\/wp-json\/wp\/v2\/users\/1"}],"replies":[{"embeddable":true,"href":"https:\/\/burgersequipment.nl\/de\/wp-json\/wp\/v2\/comments?post=6537"}],"version-history":[{"count":2,"href":"https:\/\/burgersequipment.nl\/de\/wp-json\/wp\/v2\/pages\/6537\/revisions"}],"predecessor-version":[{"id":6550,"href":"https:\/\/burgersequipment.nl\/de\/wp-json\/wp\/v2\/pages\/6537\/revisions\/6550"}],"wp:attachment":[{"href":"https:\/\/burgersequipment.nl\/de\/wp-json\/wp\/v2\/media?parent=6537"}],"curies":[{"name":"wp","href":"https:\/\/api.w.org\/{rel}","templated":true}]}}